{"id":107,"date":"2017-01-10T19:14:09","date_gmt":"2017-01-10T18:14:09","guid":{"rendered":"http:\/\/test.hausrosenstein.eu\/?page_id=107"},"modified":"2020-06-04T21:36:35","modified_gmt":"2020-06-04T19:36:35","slug":"winter","status":"publish","type":"page","link":"https:\/\/www.hausrosenstein.eu\/?page_id=107","title":{"rendered":"Winter"},"content":{"rendered":"<p><span style=\"font-size: medium;\">&nbsp;Damit auch der Winter Spa\u00df macht!<\/span><\/p>\n<ul>\n<li><span style=\"font-size: medium;\">Skialpin in Halblech und Schwangau<\/span><\/li>\n<li><span style=\"font-size: medium;\">Skischule Schwangau am Tegelber<\/span><span style=\"font-size: medium;\">g<\/span><\/li>\n<li>Tiroler Skigebiete<\/li>\n<li><span style=\"font-size: medium;\">Langlaufen \u2013 Trauchgauer Loipe dirket am Haus<\/span><\/li>\n<li><span style=\"font-size: medium;\">Rodeln<\/span><\/li>\n<li>Eislaufen<\/li>\n<li><span style=\"font-size: medium;\">Schwimmb\u00e4der und Therme<\/span><\/li>\n<li><span style=\"font-size: medium;\">Bergbahnen &amp; Bergh\u00fctten<\/span><\/li>\n<li><span style=\"font-size: medium;\">K\u00f6nigsschl\u00f6sser<\/span><\/li>\n<li><span style=\"font-size: medium;\">Wieskirche<\/span><\/li>\n<\/ul>\n","protected":false},"excerpt":{"rendered":"<p>&nbsp;Damit auch der Winter Spa\u00df macht! Skialpin in Halblech und Schwangau Skischule Schwangau am Tegelberg Tiroler Skigebiete Langlaufen \u2013 Trauchgauer Loipe dirket am Haus Rodeln Eislaufen Schwimmb\u00e4der und Therme Bergbahnen &amp; Bergh\u00fctten K\u00f6nigsschl\u00f6sser Wieskirche<\/p>\n","protected":false},"author":1,"featured_media":0,"parent":64,"menu_order":2,"comment_status":"closed","ping_status":"closed","template":"","meta":{"ngg_post_thumbnail":0,"footnotes":""},"class_list":["post-107","page","type-page","status-publish","hentry"],"_links":{"self":[{"href":"https:\/\/www.hausrosenstein.eu\/index.php?rest_route=\/wp\/v2\/pages\/107","targetHints":{"allow":["GET"]}}],"collection":[{"href":"https:\/\/www.hausrosenstein.eu\/index.php?rest_route=\/wp\/v2\/pages"}],"about":[{"href":"https:\/\/www.hausrosenstein.eu\/index.php?rest_route=\/wp\/v2\/types\/page"}],"author":[{"embeddable":true,"href":"https:\/\/www.hausrosenstein.eu\/index.php?rest_route=\/wp\/v2\/users\/1"}],"replies":[{"embeddable":true,"href":"https:\/\/www.hausrosenstein.eu\/index.php?rest_route=%2Fwp%2Fv2%2Fcomments&post=107"}],"version-history":[{"count":6,"href":"https:\/\/www.hausrosenstein.eu\/index.php?rest_route=\/wp\/v2\/pages\/107\/revisions"}],"predecessor-version":[{"id":512,"href":"https:\/\/www.hausrosenstein.eu\/index.php?rest_route=\/wp\/v2\/pages\/107\/revisions\/512"}],"up":[{"embeddable":true,"href":"https:\/\/www.hausrosenstein.eu\/index.php?rest_route=\/wp\/v2\/pages\/64"}],"wp:attachment":[{"href":"https:\/\/www.hausrosenstein.eu\/index.php?rest_route=%2Fwp%2Fv2%2Fmedia&parent=107"}],"curies":[{"name":"wp","href":"https:\/\/api.w.org\/{rel}","templated":true}]}}