{"id":135,"date":"2017-01-23T10:30:11","date_gmt":"2017-01-23T09:30:11","guid":{"rendered":"http:\/\/test.hausrosenstein.eu\/?page_id=135"},"modified":"2023-06-02T17:05:20","modified_gmt":"2023-06-02T15:05:20","slug":"ausstattung","status":"publish","type":"page","link":"https:\/\/www.hausrosenstein.eu\/?page_id=135","title":{"rendered":"Das erwartet Sie!"},"content":{"rendered":"\n<ul class=\"wp-block-list\">\n<li>komfortable Nichtraucherwohnung im Erdgeschoss\u00a0\u00a0(70m\u00b2)<\/li>\n\n\n\n<li>Fu\u00dfbodenheizung<\/li>\n\n\n\n<li>S\u00fcd- und Ostterrasse<\/li>\n\n\n\n<li>Schlafzimmer mit Boxspringbett (2 x 2 m) und Flat-TV&nbsp;mit DVD-Player<\/li>\n\n\n\n<li>Schlafzimmer mit 2 Einzelboxspringbetten ( 1 x 2m)<\/li>\n\n\n\n<li>Badezimmer mit Dusche, Badewanne, WC, F\u00f6n, Kosmetikspiegel, Handtuchw\u00e4rmer<\/li>\n\n\n\n<li>separates WC mit Pissoir<\/li>\n\n\n\n<li>Wohn- und Esszimmer mit Kaminofen, Flat-TV, Stereoanlage<\/li>\n\n\n\n<li>vollst\u00e4ndig eingerichtete offene Einbauk\u00fcche: Geschirrsp\u00fcler, Induktionsherd, Backofen, K\u00fchl-Gefrier-Kombi, Mikrowelle, Wasserkocher, Kaffeemaschine, Toaster, Eierkocher, Stabmixer, Espressomaschine<\/li>\n\n\n\n<li>W-Lan<\/li>\n\n\n\n<li>Telefon<\/li>\n\n\n\n<li>Garagenstellplatz<\/li>\n\n\n\n<li>abschlie\u00dfbarer Abstellraum f\u00fcr Fahrr\u00e4der und Ski<\/li>\n\n\n\n<li>gro\u00dfz\u00fcgiger Garten mit Schaukel, Reck und Rutschbahn<\/li>\n\n\n\n<li>Gartenm\u00f6bel und Liegest\u00fchle<\/li>\n\n\n\n<li>Waschmaschinen- und Trocknerraum<\/li>\n\n\n\n<li><a href=\"http:\/\/www.koenigscard.com\/\" target=\"_blank\" rel=\"noopener noreferrer\"><u><span style=\"color: #0066cc;\">K\u00f6nigsCard<\/span><\/u><\/a> inklusive ( mehr als 200 Inklusivleistungen \u2013 Bergbahnen, Museen, Fahrradverleih usw.)<\/li>\n<\/ul>\n","protected":false},"excerpt":{"rendered":"","protected":false},"author":1,"featured_media":0,"parent":20,"menu_order":2,"comment_status":"closed","ping_status":"closed","template":"","meta":{"ngg_post_thumbnail":0,"footnotes":""},"class_list":["post-135","page","type-page","status-publish","hentry"],"_links":{"self":[{"href":"https:\/\/www.hausrosenstein.eu\/index.php?rest_route=\/wp\/v2\/pages\/135","targetHints":{"allow":["GET"]}}],"collection":[{"href":"https:\/\/www.hausrosenstein.eu\/index.php?rest_route=\/wp\/v2\/pages"}],"about":[{"href":"https:\/\/www.hausrosenstein.eu\/index.php?rest_route=\/wp\/v2\/types\/page"}],"author":[{"embeddable":true,"href":"https:\/\/www.hausrosenstein.eu\/index.php?rest_route=\/wp\/v2\/users\/1"}],"replies":[{"embeddable":true,"href":"https:\/\/www.hausrosenstein.eu\/index.php?rest_route=%2Fwp%2Fv2%2Fcomments&post=135"}],"version-history":[{"count":16,"href":"https:\/\/www.hausrosenstein.eu\/index.php?rest_route=\/wp\/v2\/pages\/135\/revisions"}],"predecessor-version":[{"id":538,"href":"https:\/\/www.hausrosenstein.eu\/index.php?rest_route=\/wp\/v2\/pages\/135\/revisions\/538"}],"up":[{"embeddable":true,"href":"https:\/\/www.hausrosenstein.eu\/index.php?rest_route=\/wp\/v2\/pages\/20"}],"wp:attachment":[{"href":"https:\/\/www.hausrosenstein.eu\/index.php?rest_route=%2Fwp%2Fv2%2Fmedia&parent=135"}],"curies":[{"name":"wp","href":"https:\/\/api.w.org\/{rel}","templated":true}]}}