{"id":64,"date":"2017-01-09T21:02:51","date_gmt":"2017-01-09T20:02:51","guid":{"rendered":"http:\/\/test.hausrosenstein.eu\/?page_id=64"},"modified":"2017-03-29T21:11:47","modified_gmt":"2017-03-29T19:11:47","slug":"umgebung","status":"publish","type":"page","link":"https:\/\/www.hausrosenstein.eu\/?page_id=64","title":{"rendered":"Umgebung"},"content":{"rendered":"<p><span style=\"font-size: medium;\">In Bayerns gr\u00f6\u00dftem Naturschutzgebiet, dem Ammergebirge, liegt Trauchgau, direkt an der Romantischen Stra\u00dfe. Von der Forggenseeschifffahrt, dem Besichtigen der K\u00f6nigsschl\u00f6sser bis&nbsp;zum entspannten Wandererlebnis ist hier alles&nbsp;m\u00f6glich.&nbsp;<\/span><\/p>\n<p>Mit der&nbsp;K\u00f6nigsCard&nbsp;sind viele dieser Attraktionen f\u00fcr Sie kostenlos.<\/p>\n<p><strong><span style=\"font-size: medium;\">Trauchgau ist Ihr <\/span><span style=\"font-size: medium;\">idealer Ausgangspunkt f\u00fcr Sommer- und Wintererlebnisse!<\/span><\/strong><\/p>\n","protected":false},"excerpt":{"rendered":"<p>In Bayerns gr\u00f6\u00dftem Naturschutzgebiet, dem Ammergebirge, liegt Trauchgau, direkt an der Romantischen Stra\u00dfe. Von der Forggenseeschifffahrt, dem Besichtigen der K\u00f6nigsschl\u00f6sser bis&nbsp;zum entspannten Wandererlebnis ist hier alles&nbsp;m\u00f6glich.&nbsp; Mit der&nbsp;K\u00f6nigsCard&nbsp;sind viele dieser Attraktionen f\u00fcr Sie kostenlos. Trauchgau ist Ihr idealer Ausgangspunkt f\u00fcr Sommer- und Wintererlebnisse!<\/p>\n","protected":false},"author":1,"featured_media":0,"parent":0,"menu_order":4,"comment_status":"closed","ping_status":"closed","template":"","meta":{"ngg_post_thumbnail":0,"footnotes":""},"class_list":["post-64","page","type-page","status-publish","hentry"],"_links":{"self":[{"href":"https:\/\/www.hausrosenstein.eu\/index.php?rest_route=\/wp\/v2\/pages\/64","targetHints":{"allow":["GET"]}}],"collection":[{"href":"https:\/\/www.hausrosenstein.eu\/index.php?rest_route=\/wp\/v2\/pages"}],"about":[{"href":"https:\/\/www.hausrosenstein.eu\/index.php?rest_route=\/wp\/v2\/types\/page"}],"author":[{"embeddable":true,"href":"https:\/\/www.hausrosenstein.eu\/index.php?rest_route=\/wp\/v2\/users\/1"}],"replies":[{"embeddable":true,"href":"https:\/\/www.hausrosenstein.eu\/index.php?rest_route=%2Fwp%2Fv2%2Fcomments&post=64"}],"version-history":[{"count":9,"href":"https:\/\/www.hausrosenstein.eu\/index.php?rest_route=\/wp\/v2\/pages\/64\/revisions"}],"predecessor-version":[{"id":402,"href":"https:\/\/www.hausrosenstein.eu\/index.php?rest_route=\/wp\/v2\/pages\/64\/revisions\/402"}],"wp:attachment":[{"href":"https:\/\/www.hausrosenstein.eu\/index.php?rest_route=%2Fwp%2Fv2%2Fmedia&parent=64"}],"curies":[{"name":"wp","href":"https:\/\/api.w.org\/{rel}","templated":true}]}}