{"id":68,"date":"2017-01-09T21:07:56","date_gmt":"2017-01-09T20:07:56","guid":{"rendered":"http:\/\/test.hausrosenstein.eu\/?page_id=68"},"modified":"2024-01-02T18:35:59","modified_gmt":"2024-01-02T17:35:59","slug":"preis","status":"publish","type":"page","link":"https:\/\/www.hausrosenstein.eu\/?page_id=68","title":{"rendered":"Preise"},"content":{"rendered":"<p>Tagespreise bei Belegung mit<\/p>\n<p><strong>2 Personen \u20ac 125,-<\/strong><\/p>\n<p><strong>3 Personen \u20ac 140,-<\/strong><\/p>\n<p><strong>4 Personen \u20ac 155,-<\/strong><\/p>\n<p>In der Grundmiete enthalten sind: Endreinigung, Bettw\u00e4sche, Handt\u00fccher, Badet\u00fccher, Geschirrt\u00fccher und s\u00e4mtliche Nebenkosten. &nbsp;<\/p>\n<p>Preise g\u00fcltig bis 31.12.24<\/p>\n<p>Zzgl. orts\u00fcblicher Kurtaxe (Erwachsene 1,25\u20ac &#8211; 1,40 \u20ac, Kinder 0,85 \u20ac \u2013 0,90 \u20ac). Bei Aufenthalten unter 7 Tagen berechnen wir einmalig einen Kurzzeitzuschlag von 90,00 \u20ac.<\/p>\n","protected":false},"excerpt":{"rendered":"<p>Tagespreise bei Belegung mit 2 Personen \u20ac 125,- 3 Personen \u20ac 140,- 4 Personen \u20ac 155,- In der Grundmiete enthalten sind: Endreinigung, Bettw\u00e4sche, Handt\u00fccher, Badet\u00fccher, Geschirrt\u00fccher und s\u00e4mtliche Nebenkosten. &nbsp; Preise g\u00fcltig bis 31.12.24 Zzgl. orts\u00fcblicher Kurtaxe (Erwachsene 1,25\u20ac &#8211; 1,40 \u20ac, Kinder 0,85 \u20ac \u2013 0,90 \u20ac). Bei Aufenthalten unter 7 Tagen berechnen wir &hellip; <a href=\"https:\/\/www.hausrosenstein.eu\/?page_id=68\" class=\"more-link\"><span class=\"screen-reader-text\">Preise<\/span> weiterlesen <span class=\"meta-nav\">&rarr;<\/span><\/a><\/p>\n","protected":false},"author":1,"featured_media":0,"parent":20,"menu_order":2,"comment_status":"closed","ping_status":"closed","template":"","meta":{"ngg_post_thumbnail":0,"footnotes":""},"class_list":["post-68","page","type-page","status-publish","hentry"],"_links":{"self":[{"href":"https:\/\/www.hausrosenstein.eu\/index.php?rest_route=\/wp\/v2\/pages\/68","targetHints":{"allow":["GET"]}}],"collection":[{"href":"https:\/\/www.hausrosenstein.eu\/index.php?rest_route=\/wp\/v2\/pages"}],"about":[{"href":"https:\/\/www.hausrosenstein.eu\/index.php?rest_route=\/wp\/v2\/types\/page"}],"author":[{"embeddable":true,"href":"https:\/\/www.hausrosenstein.eu\/index.php?rest_route=\/wp\/v2\/users\/1"}],"replies":[{"embeddable":true,"href":"https:\/\/www.hausrosenstein.eu\/index.php?rest_route=%2Fwp%2Fv2%2Fcomments&post=68"}],"version-history":[{"count":35,"href":"https:\/\/www.hausrosenstein.eu\/index.php?rest_route=\/wp\/v2\/pages\/68\/revisions"}],"predecessor-version":[{"id":541,"href":"https:\/\/www.hausrosenstein.eu\/index.php?rest_route=\/wp\/v2\/pages\/68\/revisions\/541"}],"up":[{"embeddable":true,"href":"https:\/\/www.hausrosenstein.eu\/index.php?rest_route=\/wp\/v2\/pages\/20"}],"wp:attachment":[{"href":"https:\/\/www.hausrosenstein.eu\/index.php?rest_route=%2Fwp%2Fv2%2Fmedia&parent=68"}],"curies":[{"name":"wp","href":"https:\/\/api.w.org\/{rel}","templated":true}]}}